{"id":7701,"date":"2024-11-26T15:32:43","date_gmt":"2024-11-26T14:32:43","guid":{"rendered":"https:\/\/latabledumusee.com\/?page_id=7701"},"modified":"2026-01-10T10:53:52","modified_gmt":"2026-01-10T09:53:52","slug":"presentation","status":"publish","type":"page","link":"https:\/\/latabledumusee.com\/index.php\/presentation\/","title":{"rendered":"Pr\u00e9sentation"},"content":{"rendered":"\t\t<div data-elementor-type=\"wp-page\" data-elementor-id=\"7701\" class=\"elementor elementor-7701\" data-elementor-post-type=\"page\">\n\t\t\t\t\t\t<section class=\"elementor-section elementor-top-section elementor-element elementor-element-52b3f99 elementor-reverse-mobile elementor-section-boxed elementor-section-height-default elementor-section-height-default\" data-id=\"52b3f99\" data-element_type=\"section\" data-e-type=\"section\">\n\t\t\t\t\t\t<div class=\"elementor-container elementor-column-gap-wider\">\n\t\t\t\t\t<div class=\"elementor-column elementor-col-50 elementor-top-column elementor-element elementor-element-ced21a6\" data-id=\"ced21a6\" data-element_type=\"column\" data-e-type=\"column\">\n\t\t\t<div class=\"elementor-widget-wrap elementor-element-populated\">\n\t\t\t\t\t\t<div class=\"elementor-element elementor-element-483e908 elementor-widget elementor-widget-heading\" data-id=\"483e908\" data-element_type=\"widget\" data-e-type=\"widget\" data-widget_type=\"heading.default\">\n\t\t\t\t<div class=\"elementor-widget-container\">\n\t\t\t\t\t<h3 class=\"elementor-heading-title elementor-size-default\">Val\u00e9rie CRISTINA<\/h3>\t\t\t\t<\/div>\n\t\t\t\t<\/div>\n\t\t\t\t<div class=\"elementor-element elementor-element-47b574d elementor-widget elementor-widget-spacer\" data-id=\"47b574d\" data-element_type=\"widget\" data-e-type=\"widget\" data-widget_type=\"spacer.default\">\n\t\t\t\t<div class=\"elementor-widget-container\">\n\t\t\t\t\t\t\t<div class=\"elementor-spacer\">\n\t\t\t<div class=\"elementor-spacer-inner\"><\/div>\n\t\t<\/div>\n\t\t\t\t\t\t<\/div>\n\t\t\t\t<\/div>\n\t\t\t\t<div class=\"elementor-element elementor-element-3ee8b49 elementor-widget__width-inherit elementor-widget elementor-widget-heading\" data-id=\"3ee8b49\" data-element_type=\"widget\" data-e-type=\"widget\" data-widget_type=\"heading.default\">\n\t\t\t\t<div class=\"elementor-widget-container\">\n\t\t\t\t\t<h3 class=\"elementor-heading-title elementor-size-default\">Cheffe<\/h3>\t\t\t\t<\/div>\n\t\t\t\t<\/div>\n\t\t\t\t<div class=\"elementor-element elementor-element-9f735a7 elementor-widget elementor-widget-spacer\" data-id=\"9f735a7\" data-element_type=\"widget\" data-e-type=\"widget\" data-widget_type=\"spacer.default\">\n\t\t\t\t<div class=\"elementor-widget-container\">\n\t\t\t\t\t\t\t<div class=\"elementor-spacer\">\n\t\t\t<div class=\"elementor-spacer-inner\"><\/div>\n\t\t<\/div>\n\t\t\t\t\t\t<\/div>\n\t\t\t\t<\/div>\n\t\t\t\t<div class=\"elementor-element elementor-element-1a036d5 elementor-widget elementor-widget-text-editor\" data-id=\"1a036d5\" data-element_type=\"widget\" data-e-type=\"widget\" data-widget_type=\"text-editor.default\">\n\t\t\t\t<div class=\"elementor-widget-container\">\n\t\t\t\t\t\t\t\t\t<p>C&rsquo;est au c\u0153ur des Monts du Beaujolais, dans le\u00a0village de Saint-Bonnet-le-Troncy, que la Cheffe\u00a0Val\u00e9rie Cristina vous accueille dans une maison de\u00a0caract\u00e8re o\u00f9 l&rsquo;on se sent bien, comme chez soi.<\/p><p><br \/>Depuis plus de 20 ans, elle cultive avec passion\u00a0une cuisine sinc\u00e8re et raffin\u00e9e, inspir\u00e9e par le\u00a0terroir, le go\u00fbt du partage et les belles rencontres.<\/p><p><br \/>Coup de c\u0153ur de Lyon Restaurant en 2018, Toque Blanche Lyonnaise en 2018 dans son restaurant \u00e0 Saint Romain de Popey &amp; en 2025 \u00e0 St Bonnet le Troncy, Maitre Cuisinier de France depuis 2019, Disciple d&rsquo;Escoffier International, autant de distinctions qui t\u00e9moignent d&rsquo;un parcours riche, forg\u00e9 par le travail et l&rsquo;amour du m\u00e9tier.<\/p><p><br \/>A La Table du Mus\u00e9e, chaque plat est une\u00a0invitation \u00e0 la convivialit\u00e9.<br \/><br \/><\/p>\t\t\t\t\t\t\t\t<\/div>\n\t\t\t\t<\/div>\n\t\t\t\t<div class=\"elementor-element elementor-element-fd07779 elementor-widget elementor-widget-spacer\" data-id=\"fd07779\" data-element_type=\"widget\" data-e-type=\"widget\" data-widget_type=\"spacer.default\">\n\t\t\t\t<div class=\"elementor-widget-container\">\n\t\t\t\t\t\t\t<div class=\"elementor-spacer\">\n\t\t\t<div class=\"elementor-spacer-inner\"><\/div>\n\t\t<\/div>\n\t\t\t\t\t\t<\/div>\n\t\t\t\t<\/div>\n\t\t\t\t\t<\/div>\n\t\t<\/div>\n\t\t\t\t<div class=\"elementor-column elementor-col-50 elementor-top-column elementor-element elementor-element-7ad7cbf\" data-id=\"7ad7cbf\" data-element_type=\"column\" data-e-type=\"column\">\n\t\t\t<div class=\"elementor-widget-wrap elementor-element-populated\">\n\t\t\t\t\t\t<div class=\"elementor-element elementor-element-4da7ed2 elementor-widget elementor-widget-image\" data-id=\"4da7ed2\" data-element_type=\"widget\" data-e-type=\"widget\" data-widget_type=\"image.default\">\n\t\t\t\t<div class=\"elementor-widget-container\">\n\t\t\t\t\t\t\t\t\t\t\t\t\t\t\t<img decoding=\"async\" src=\"https:\/\/latabledumusee.com\/wp-content\/uploads\/elementor\/thumbs\/ValeryCristina-Cheffe-LaTableDuMuse-scaled-qz2w27bewn3l4sz03iepxoy5ip9abiz4bsmdgys714.webp\" title=\"ValeryCristina-Cheffe-LaTableDuMuse\" alt=\"ValeryCristina-Cheffe-LaTableDuMuse\" loading=\"lazy\" \/>\t\t\t\t\t\t\t\t\t\t\t\t\t\t\t<\/div>\n\t\t\t\t<\/div>\n\t\t\t\t\t<\/div>\n\t\t<\/div>\n\t\t\t\t\t<\/div>\n\t\t<\/section>\n\t\t\t\t<\/div>\n\t\t","protected":false},"excerpt":{"rendered":"<p>Val\u00e9rie CRISTINA Cheffe C&rsquo;est au c\u0153ur des Monts du Beaujolais, dans le\u00a0village de Saint-Bonnet-le-Troncy, que la Cheffe\u00a0Val\u00e9rie Cristina vous accueille dans une maison de\u00a0caract\u00e8re o\u00f9 l&rsquo;on se sent bien, comme chez soi. Depuis plus de 20 ans, elle cultive avec passion\u00a0une cuisine sinc\u00e8re et raffin\u00e9e, inspir\u00e9e par le\u00a0terroir, le go\u00fbt du partage et les belles&hellip;<\/p>\n","protected":false},"author":2,"featured_media":1616,"parent":0,"menu_order":2,"comment_status":"closed","ping_status":"closed","template":"","meta":{"footnotes":""},"class_list":["post-7701","page","type-page","status-publish","has-post-thumbnail","hentry"],"yoast_head":"<!-- This site is optimized with the Yoast SEO plugin v27.4 - https:\/\/yoast.com\/product\/yoast-seo-wordpress\/ -->\n<title>Pr\u00e9sentation - La Table du Mus\u00e9e<\/title>\n<meta name=\"description\" content=\"C\u2019est au c\u0153ur des Monts du Beaujolais, dans le village de Saint-Bonnet-le-Troncy, que la Cheffe Val\u00e9rie Cristina vous accueille dans son restaurant La Table du Mus\u00e9e.\" \/>\n<meta name=\"robots\" content=\"index, follow, max-snippet:-1, max-image-preview:large, max-video-preview:-1\" \/>\n<link rel=\"canonical\" href=\"https:\/\/latabledumusee.com\/index.php\/presentation\/\" \/>\n<meta property=\"og:locale\" content=\"fr_FR\" \/>\n<meta property=\"og:type\" content=\"article\" \/>\n<meta property=\"og:title\" content=\"Pr\u00e9sentation - La Table du Mus\u00e9e\" \/>\n<meta property=\"og:description\" content=\"C\u2019est au c\u0153ur des Monts du Beaujolais, dans le village de Saint-Bonnet-le-Troncy, que la Cheffe Val\u00e9rie Cristina vous accueille dans son restaurant La Table du Mus\u00e9e.\" \/>\n<meta property=\"og:url\" content=\"https:\/\/latabledumusee.com\/index.php\/presentation\/\" \/>\n<meta property=\"og:site_name\" content=\"La Table du Mus\u00e9e\" \/>\n<meta property=\"article:publisher\" content=\"https:\/\/www.facebook.com\/valerie.cristinachef\/\" \/>\n<meta property=\"article:modified_time\" content=\"2026-01-10T09:53:52+00:00\" \/>\n<meta name=\"twitter:card\" content=\"summary_large_image\" \/>\n<meta name=\"twitter:label1\" content=\"Dur\u00e9e de lecture estim\u00e9e\" \/>\n\t<meta name=\"twitter:data1\" content=\"1 minute\" \/>\n<script type=\"application\/ld+json\" class=\"yoast-schema-graph\">{\"@context\":\"https:\\\/\\\/schema.org\",\"@graph\":[{\"@type\":\"WebPage\",\"@id\":\"https:\\\/\\\/latabledumusee.com\\\/index.php\\\/presentation\\\/\",\"url\":\"https:\\\/\\\/latabledumusee.com\\\/index.php\\\/presentation\\\/\",\"name\":\"Pr\u00e9sentation - La Table du Mus\u00e9e\",\"isPartOf\":{\"@id\":\"https:\\\/\\\/latabledumusee.com\\\/#website\"},\"primaryImageOfPage\":{\"@id\":\"https:\\\/\\\/latabledumusee.com\\\/index.php\\\/presentation\\\/#primaryimage\"},\"image\":{\"@id\":\"https:\\\/\\\/latabledumusee.com\\\/index.php\\\/presentation\\\/#primaryimage\"},\"thumbnailUrl\":\"\",\"datePublished\":\"2024-11-26T14:32:43+00:00\",\"dateModified\":\"2026-01-10T09:53:52+00:00\",\"description\":\"C\u2019est au c\u0153ur des Monts du Beaujolais, dans le village de Saint-Bonnet-le-Troncy, que la Cheffe Val\u00e9rie Cristina vous accueille dans son restaurant La Table du Mus\u00e9e.\",\"breadcrumb\":{\"@id\":\"https:\\\/\\\/latabledumusee.com\\\/index.php\\\/presentation\\\/#breadcrumb\"},\"inLanguage\":\"fr-FR\",\"potentialAction\":[{\"@type\":\"ReadAction\",\"target\":[\"https:\\\/\\\/latabledumusee.com\\\/index.php\\\/presentation\\\/\"]}]},{\"@type\":\"ImageObject\",\"inLanguage\":\"fr-FR\",\"@id\":\"https:\\\/\\\/latabledumusee.com\\\/index.php\\\/presentation\\\/#primaryimage\",\"url\":\"\",\"contentUrl\":\"\"},{\"@type\":\"BreadcrumbList\",\"@id\":\"https:\\\/\\\/latabledumusee.com\\\/index.php\\\/presentation\\\/#breadcrumb\",\"itemListElement\":[{\"@type\":\"ListItem\",\"position\":1,\"name\":\"Accueil\",\"item\":\"https:\\\/\\\/latabledumusee.com\\\/\"},{\"@type\":\"ListItem\",\"position\":2,\"name\":\"Pr\u00e9sentation\"}]},{\"@type\":\"WebSite\",\"@id\":\"https:\\\/\\\/latabledumusee.com\\\/#website\",\"url\":\"https:\\\/\\\/latabledumusee.com\\\/\",\"name\":\"La Table du Mus\u00e9e\",\"description\":\"Un Restaurant \u00e0 St Bonnet le Troncy\",\"publisher\":{\"@id\":\"https:\\\/\\\/latabledumusee.com\\\/#organization\"},\"potentialAction\":[{\"@type\":\"SearchAction\",\"target\":{\"@type\":\"EntryPoint\",\"urlTemplate\":\"https:\\\/\\\/latabledumusee.com\\\/?s={search_term_string}\"},\"query-input\":{\"@type\":\"PropertyValueSpecification\",\"valueRequired\":true,\"valueName\":\"search_term_string\"}}],\"inLanguage\":\"fr-FR\"},{\"@type\":\"Organization\",\"@id\":\"https:\\\/\\\/latabledumusee.com\\\/#organization\",\"name\":\"Cristina Val\u00e9rie (La Table du Mus\u00e9e)\",\"url\":\"https:\\\/\\\/latabledumusee.com\\\/\",\"logo\":{\"@type\":\"ImageObject\",\"inLanguage\":\"fr-FR\",\"@id\":\"https:\\\/\\\/latabledumusee.com\\\/#\\\/schema\\\/logo\\\/image\\\/\",\"url\":\"https:\\\/\\\/latabledumusee.com\\\/wp-content\\\/uploads\\\/2021\\\/05\\\/LogoCarre-TableDu-Musee-Sombre.webp\",\"contentUrl\":\"https:\\\/\\\/latabledumusee.com\\\/wp-content\\\/uploads\\\/2021\\\/05\\\/LogoCarre-TableDu-Musee-Sombre.webp\",\"width\":1000,\"height\":1000,\"caption\":\"Cristina Val\u00e9rie (La Table du Mus\u00e9e)\"},\"image\":{\"@id\":\"https:\\\/\\\/latabledumusee.com\\\/#\\\/schema\\\/logo\\\/image\\\/\"},\"sameAs\":[\"https:\\\/\\\/www.facebook.com\\\/valerie.cristinachef\\\/\"]}]}<\/script>\n<!-- \/ Yoast SEO plugin. -->","yoast_head_json":{"title":"Pr\u00e9sentation - La Table du Mus\u00e9e","description":"C\u2019est au c\u0153ur des Monts du Beaujolais, dans le village de Saint-Bonnet-le-Troncy, que la Cheffe Val\u00e9rie Cristina vous accueille dans son restaurant La Table du Mus\u00e9e.","robots":{"index":"index","follow":"follow","max-snippet":"max-snippet:-1","max-image-preview":"max-image-preview:large","max-video-preview":"max-video-preview:-1"},"canonical":"https:\/\/latabledumusee.com\/index.php\/presentation\/","og_locale":"fr_FR","og_type":"article","og_title":"Pr\u00e9sentation - La Table du Mus\u00e9e","og_description":"C\u2019est au c\u0153ur des Monts du Beaujolais, dans le village de Saint-Bonnet-le-Troncy, que la Cheffe Val\u00e9rie Cristina vous accueille dans son restaurant La Table du Mus\u00e9e.","og_url":"https:\/\/latabledumusee.com\/index.php\/presentation\/","og_site_name":"La Table du Mus\u00e9e","article_publisher":"https:\/\/www.facebook.com\/valerie.cristinachef\/","article_modified_time":"2026-01-10T09:53:52+00:00","twitter_card":"summary_large_image","twitter_misc":{"Dur\u00e9e de lecture estim\u00e9e":"1 minute"},"schema":{"@context":"https:\/\/schema.org","@graph":[{"@type":"WebPage","@id":"https:\/\/latabledumusee.com\/index.php\/presentation\/","url":"https:\/\/latabledumusee.com\/index.php\/presentation\/","name":"Pr\u00e9sentation - La Table du Mus\u00e9e","isPartOf":{"@id":"https:\/\/latabledumusee.com\/#website"},"primaryImageOfPage":{"@id":"https:\/\/latabledumusee.com\/index.php\/presentation\/#primaryimage"},"image":{"@id":"https:\/\/latabledumusee.com\/index.php\/presentation\/#primaryimage"},"thumbnailUrl":"","datePublished":"2024-11-26T14:32:43+00:00","dateModified":"2026-01-10T09:53:52+00:00","description":"C\u2019est au c\u0153ur des Monts du Beaujolais, dans le village de Saint-Bonnet-le-Troncy, que la Cheffe Val\u00e9rie Cristina vous accueille dans son restaurant La Table du Mus\u00e9e.","breadcrumb":{"@id":"https:\/\/latabledumusee.com\/index.php\/presentation\/#breadcrumb"},"inLanguage":"fr-FR","potentialAction":[{"@type":"ReadAction","target":["https:\/\/latabledumusee.com\/index.php\/presentation\/"]}]},{"@type":"ImageObject","inLanguage":"fr-FR","@id":"https:\/\/latabledumusee.com\/index.php\/presentation\/#primaryimage","url":"","contentUrl":""},{"@type":"BreadcrumbList","@id":"https:\/\/latabledumusee.com\/index.php\/presentation\/#breadcrumb","itemListElement":[{"@type":"ListItem","position":1,"name":"Accueil","item":"https:\/\/latabledumusee.com\/"},{"@type":"ListItem","position":2,"name":"Pr\u00e9sentation"}]},{"@type":"WebSite","@id":"https:\/\/latabledumusee.com\/#website","url":"https:\/\/latabledumusee.com\/","name":"La Table du Mus\u00e9e","description":"Un Restaurant \u00e0 St Bonnet le Troncy","publisher":{"@id":"https:\/\/latabledumusee.com\/#organization"},"potentialAction":[{"@type":"SearchAction","target":{"@type":"EntryPoint","urlTemplate":"https:\/\/latabledumusee.com\/?s={search_term_string}"},"query-input":{"@type":"PropertyValueSpecification","valueRequired":true,"valueName":"search_term_string"}}],"inLanguage":"fr-FR"},{"@type":"Organization","@id":"https:\/\/latabledumusee.com\/#organization","name":"Cristina Val\u00e9rie (La Table du Mus\u00e9e)","url":"https:\/\/latabledumusee.com\/","logo":{"@type":"ImageObject","inLanguage":"fr-FR","@id":"https:\/\/latabledumusee.com\/#\/schema\/logo\/image\/","url":"https:\/\/latabledumusee.com\/wp-content\/uploads\/2021\/05\/LogoCarre-TableDu-Musee-Sombre.webp","contentUrl":"https:\/\/latabledumusee.com\/wp-content\/uploads\/2021\/05\/LogoCarre-TableDu-Musee-Sombre.webp","width":1000,"height":1000,"caption":"Cristina Val\u00e9rie (La Table du Mus\u00e9e)"},"image":{"@id":"https:\/\/latabledumusee.com\/#\/schema\/logo\/image\/"},"sameAs":["https:\/\/www.facebook.com\/valerie.cristinachef\/"]}]}},"_links":{"self":[{"href":"https:\/\/latabledumusee.com\/index.php\/wp-json\/wp\/v2\/pages\/7701","targetHints":{"allow":["GET"]}}],"collection":[{"href":"https:\/\/latabledumusee.com\/index.php\/wp-json\/wp\/v2\/pages"}],"about":[{"href":"https:\/\/latabledumusee.com\/index.php\/wp-json\/wp\/v2\/types\/page"}],"author":[{"embeddable":true,"href":"https:\/\/latabledumusee.com\/index.php\/wp-json\/wp\/v2\/users\/2"}],"replies":[{"embeddable":true,"href":"https:\/\/latabledumusee.com\/index.php\/wp-json\/wp\/v2\/comments?post=7701"}],"version-history":[{"count":21,"href":"https:\/\/latabledumusee.com\/index.php\/wp-json\/wp\/v2\/pages\/7701\/revisions"}],"predecessor-version":[{"id":7932,"href":"https:\/\/latabledumusee.com\/index.php\/wp-json\/wp\/v2\/pages\/7701\/revisions\/7932"}],"wp:featuredmedia":[{"embeddable":true,"href":"https:\/\/latabledumusee.com\/index.php\/wp-json\/"}],"wp:attachment":[{"href":"https:\/\/latabledumusee.com\/index.php\/wp-json\/wp\/v2\/media?parent=7701"}],"curies":[{"name":"wp","href":"https:\/\/api.w.org\/{rel}","templated":true}]}}