{"id":7711,"date":"2024-11-26T16:08:05","date_gmt":"2024-11-26T15:08:05","guid":{"rendered":"https:\/\/latabledumusee.com\/?page_id=7711"},"modified":"2026-03-30T12:07:15","modified_gmt":"2026-03-30T10:07:15","slug":"agenda","status":"publish","type":"page","link":"https:\/\/latabledumusee.com\/index.php\/agenda\/","title":{"rendered":"Agenda"},"content":{"rendered":"\t\t<div data-elementor-type=\"wp-page\" data-elementor-id=\"7711\" class=\"elementor elementor-7711\" data-elementor-post-type=\"page\">\n\t\t\t\t\t\t<section class=\"elementor-section elementor-top-section elementor-element elementor-element-52b3f99 elementor-reverse-mobile elementor-section-boxed elementor-section-height-default elementor-section-height-default\" data-id=\"52b3f99\" data-element_type=\"section\" data-e-type=\"section\">\n\t\t\t\t\t\t<div class=\"elementor-container elementor-column-gap-wider\">\n\t\t\t\t\t<div class=\"elementor-column elementor-col-50 elementor-top-column elementor-element elementor-element-ced21a6\" data-id=\"ced21a6\" data-element_type=\"column\" data-e-type=\"column\">\n\t\t\t<div class=\"elementor-widget-wrap elementor-element-populated\">\n\t\t\t\t\t\t<div class=\"elementor-element elementor-element-47b574d elementor-widget elementor-widget-spacer\" data-id=\"47b574d\" data-element_type=\"widget\" data-e-type=\"widget\" data-widget_type=\"spacer.default\">\n\t\t\t\t<div class=\"elementor-widget-container\">\n\t\t\t\t\t\t\t<div class=\"elementor-spacer\">\n\t\t\t<div class=\"elementor-spacer-inner\"><\/div>\n\t\t<\/div>\n\t\t\t\t\t\t<\/div>\n\t\t\t\t<\/div>\n\t\t\t\t<div class=\"elementor-element elementor-element-3ee8b49 elementor-widget__width-inherit elementor-widget elementor-widget-heading\" data-id=\"3ee8b49\" data-element_type=\"widget\" data-e-type=\"widget\" data-widget_type=\"heading.default\">\n\t\t\t\t<div class=\"elementor-widget-container\">\n\t\t\t\t\t<h3 class=\"elementor-heading-title elementor-size-default\">Soir\u00e9e d'intronisation de nouveaux membres de l'association les disciples d'Escoffier, plus importante association gastronomique au monde, suivie d'un d\u00eener sous forme champ\u00eatre, et d'une soir\u00e9e chanson, 5euros par repas sont revers\u00e9s le soir m\u00eame \u00e0 l'association \"le Combat de Jade\"<\/h3>\t\t\t\t<\/div>\n\t\t\t\t<\/div>\n\t\t\t\t<div class=\"elementor-element elementor-element-9f735a7 elementor-widget elementor-widget-spacer\" data-id=\"9f735a7\" data-element_type=\"widget\" data-e-type=\"widget\" data-widget_type=\"spacer.default\">\n\t\t\t\t<div class=\"elementor-widget-container\">\n\t\t\t\t\t\t\t<div class=\"elementor-spacer\">\n\t\t\t<div class=\"elementor-spacer-inner\"><\/div>\n\t\t<\/div>\n\t\t\t\t\t\t<\/div>\n\t\t\t\t<\/div>\n\t\t\t\t<div class=\"elementor-element elementor-element-1a036d5 elementor-widget-tablet__width-initial elementor-widget elementor-widget-text-editor\" data-id=\"1a036d5\" data-element_type=\"widget\" data-e-type=\"widget\" data-widget_type=\"text-editor.default\">\n\t\t\t\t<div class=\"elementor-widget-container\">\n\t\t\t\t\t\t\t\t\t<p style=\"text-align: center;\">Menu Escoffier<\/p><p style=\"text-align: center;\">35\u20ac<\/p><p style=\"text-align: center;\">(5\u20ac seront revers\u00e9s \u00e0 l&rsquo;association le Combat de Jade)<\/p><p>1 verre de Punch + 1\/4 de Beaujolais + Feuillet\u00e9s app\u00e9ritifs<\/p><p style=\"text-align: center;\">~<\/p><p style=\"text-align: center;\">Terrine de campagne aux morilles faite maison et salade<\/p><p style=\"text-align: center;\">~<\/p><p style=\"text-align: center;\">Plancha de volaille fran\u00e7aise marin\u00e9e aux fines herbes et garniture<\/p><p style=\"text-align: center;\">~<\/p><p style=\"text-align: center;\">Fromage blanc de la ferme de l&rsquo;espoir<\/p><p style=\"text-align: center;\">~<\/p><p style=\"text-align: center;\">Tarte croustillante sp\u00e9cialit\u00e9 de la cheffe<\/p><p style=\"text-align: center;\">~<\/p><p style=\"text-align: center;\">Fin de soir\u00e9e en chanson<\/p>\t\t\t\t\t\t\t\t<\/div>\n\t\t\t\t<\/div>\n\t\t\t\t<div class=\"elementor-element elementor-element-622afc6 elementor-widget elementor-widget-spacer\" data-id=\"622afc6\" data-element_type=\"widget\" data-e-type=\"widget\" data-widget_type=\"spacer.default\">\n\t\t\t\t<div class=\"elementor-widget-container\">\n\t\t\t\t\t\t\t<div class=\"elementor-spacer\">\n\t\t\t<div class=\"elementor-spacer-inner\"><\/div>\n\t\t<\/div>\n\t\t\t\t\t\t<\/div>\n\t\t\t\t<\/div>\n\t\t\t\t<div class=\"elementor-element elementor-element-6b2c61c elementor-widget-tablet__width-initial elementor-widget elementor-widget-text-editor\" data-id=\"6b2c61c\" data-element_type=\"widget\" data-e-type=\"widget\" data-widget_type=\"text-editor.default\">\n\t\t\t\t<div class=\"elementor-widget-container\">\n\t\t\t\t\t\t\t\t\t<p>\u00a0\u00a0<\/p>\t\t\t\t\t\t\t\t<\/div>\n\t\t\t\t<\/div>\n\t\t\t\t\t<\/div>\n\t\t<\/div>\n\t\t\t\t<div class=\"elementor-column elementor-col-50 elementor-top-column elementor-element elementor-element-7ad7cbf\" data-id=\"7ad7cbf\" data-element_type=\"column\" data-e-type=\"column\">\n\t\t\t<div class=\"elementor-widget-wrap elementor-element-populated\">\n\t\t\t\t\t\t<div class=\"elementor-element elementor-element-deca905 elementor-widget elementor-widget-spacer\" data-id=\"deca905\" data-element_type=\"widget\" data-e-type=\"widget\" data-widget_type=\"spacer.default\">\n\t\t\t\t<div class=\"elementor-widget-container\">\n\t\t\t\t\t\t\t<div class=\"elementor-spacer\">\n\t\t\t<div class=\"elementor-spacer-inner\"><\/div>\n\t\t<\/div>\n\t\t\t\t\t\t<\/div>\n\t\t\t\t<\/div>\n\t\t\t\t<div class=\"elementor-element elementor-element-2be144e elementor-widget elementor-widget-image\" data-id=\"2be144e\" data-element_type=\"widget\" data-e-type=\"widget\" data-widget_type=\"image.default\">\n\t\t\t\t<div class=\"elementor-widget-container\">\n\t\t\t\t\t\t\t\t\t\t\t\t<figure class=\"wp-caption\">\n\t\t\t\t\t\t\t\t\t\t<img fetchpriority=\"high\" decoding=\"async\" width=\"768\" height=\"1024\" src=\"https:\/\/latabledumusee.com\/wp-content\/uploads\/2026\/01\/IMG_0360-3-768x1024.jpg\" class=\"attachment-large size-large wp-image-8016\" alt=\"\" srcset=\"https:\/\/latabledumusee.com\/wp-content\/uploads\/2026\/01\/IMG_0360-3-768x1024.jpg 768w, https:\/\/latabledumusee.com\/wp-content\/uploads\/2026\/01\/IMG_0360-3-225x300.jpg 225w, https:\/\/latabledumusee.com\/wp-content\/uploads\/2026\/01\/IMG_0360-3-1152x1536.jpg 1152w, https:\/\/latabledumusee.com\/wp-content\/uploads\/2026\/01\/IMG_0360-3-1536x2048.jpg 1536w, https:\/\/latabledumusee.com\/wp-content\/uploads\/2026\/01\/IMG_0360-3-scaled.jpg 1920w\" sizes=\"(max-width: 768px) 100vw, 768px\" \/>\t\t\t\t\t\t\t\t\t\t\t<figcaption class=\"widget-image-caption wp-caption-text\">Terrine maison aux morill<\/figcaption>\n\t\t\t\t\t\t\t\t\t\t<\/figure>\n\t\t\t\t\t\t\t\t\t<\/div>\n\t\t\t\t<\/div>\n\t\t\t\t<div class=\"elementor-element elementor-element-5ea12d6 elementor-widget elementor-widget-spacer\" data-id=\"5ea12d6\" data-element_type=\"widget\" data-e-type=\"widget\" data-widget_type=\"spacer.default\">\n\t\t\t\t<div class=\"elementor-widget-container\">\n\t\t\t\t\t\t\t<div class=\"elementor-spacer\">\n\t\t\t<div class=\"elementor-spacer-inner\"><\/div>\n\t\t<\/div>\n\t\t\t\t\t\t<\/div>\n\t\t\t\t<\/div>\n\t\t\t\t<div class=\"elementor-element elementor-element-691bc04 elementor-widget elementor-widget-image\" data-id=\"691bc04\" data-element_type=\"widget\" data-e-type=\"widget\" data-widget_type=\"image.default\">\n\t\t\t\t<div class=\"elementor-widget-container\">\n\t\t\t\t\t\t\t\t\t\t\t\t\t\t\t<img decoding=\"async\" width=\"1024\" height=\"768\" src=\"https:\/\/latabledumusee.com\/wp-content\/uploads\/2026\/03\/IMG_4524-1024x768.jpg\" class=\"attachment-large size-large wp-image-8250\" alt=\"\" srcset=\"https:\/\/latabledumusee.com\/wp-content\/uploads\/2026\/03\/IMG_4524-1024x768.jpg 1024w, https:\/\/latabledumusee.com\/wp-content\/uploads\/2026\/03\/IMG_4524-300x225.jpg 300w, https:\/\/latabledumusee.com\/wp-content\/uploads\/2026\/03\/IMG_4524-768x576.jpg 768w, https:\/\/latabledumusee.com\/wp-content\/uploads\/2026\/03\/IMG_4524-1536x1152.jpg 1536w, https:\/\/latabledumusee.com\/wp-content\/uploads\/2026\/03\/IMG_4524-2048x1536.jpg 2048w\" sizes=\"(max-width: 1024px) 100vw, 1024px\" \/>\t\t\t\t\t\t\t\t\t\t\t\t\t\t\t<\/div>\n\t\t\t\t<\/div>\n\t\t\t\t\t<\/div>\n\t\t<\/div>\n\t\t\t\t\t<\/div>\n\t\t<\/section>\n\t\t<div class=\"elementor-element elementor-element-5b32e62 e-flex e-con-boxed e-con e-parent\" data-id=\"5b32e62\" data-element_type=\"container\" data-e-type=\"container\">\n\t\t\t\t\t<div class=\"e-con-inner\">\n\t\t\t\t<div class=\"elementor-element elementor-element-5e86c7f elementor-widget elementor-widget-heading\" data-id=\"5e86c7f\" data-element_type=\"widget\" data-e-type=\"widget\" data-widget_type=\"heading.default\">\n\t\t\t\t<div class=\"elementor-widget-container\">\n\t\t\t\t\t<h2 class=\"elementor-heading-title elementor-size-default\">SUR RESERVATION UNIQUEMENT<\/h2>\t\t\t\t<\/div>\n\t\t\t\t<\/div>\n\t\t\t\t\t<\/div>\n\t\t\t\t<\/div>\n\t\t<div class=\"elementor-element elementor-element-c89343c e-flex e-con-boxed e-con e-parent\" data-id=\"c89343c\" data-element_type=\"container\" data-e-type=\"container\">\n\t\t\t\t\t<div class=\"e-con-inner\">\n\t\t\t\t<div class=\"elementor-element elementor-element-797f3e0 elementor-widget elementor-widget-text-editor\" data-id=\"797f3e0\" data-element_type=\"widget\" data-e-type=\"widget\" data-widget_type=\"text-editor.default\">\n\t\t\t\t<div class=\"elementor-widget-container\">\n\t\t\t\t\t\t\t\t\t<p>Nous comptons sur votre pr\u00e9sence<\/p>\t\t\t\t\t\t\t\t<\/div>\n\t\t\t\t<\/div>\n\t\t\t\t\t<\/div>\n\t\t\t\t<\/div>\n\t\t\t\t<\/div>\n\t\t","protected":false},"excerpt":{"rendered":"<p>Soir\u00e9e d&rsquo;intronisation de nouveaux membres de l&rsquo;association les disciples d&rsquo;Escoffier, plus importante association gastronomique au monde, suivie d&rsquo;un d\u00eener sous forme champ\u00eatre, et d&rsquo;une soir\u00e9e chanson, 5euros par repas sont revers\u00e9s le soir m\u00eame \u00e0 l&rsquo;association \u00ab\u00a0le Combat de Jade\u00a0\u00bb Menu Escoffier 35\u20ac (5\u20ac seront revers\u00e9s \u00e0 l&rsquo;association le Combat de Jade) 1 verre de&hellip;<\/p>\n","protected":false},"author":2,"featured_media":1616,"parent":0,"menu_order":2,"comment_status":"closed","ping_status":"closed","template":"","meta":{"footnotes":""},"class_list":["post-7711","page","type-page","status-publish","has-post-thumbnail","hentry"],"yoast_head":"<!-- This site is optimized with the Yoast SEO plugin v27.4 - https:\/\/yoast.com\/product\/yoast-seo-wordpress\/ -->\n<title>Agenda - La Table du Mus\u00e9e<\/title>\n<meta name=\"robots\" content=\"index, follow, max-snippet:-1, max-image-preview:large, max-video-preview:-1\" \/>\n<link rel=\"canonical\" href=\"https:\/\/latabledumusee.com\/index.php\/agenda\/\" \/>\n<meta property=\"og:locale\" content=\"fr_FR\" \/>\n<meta property=\"og:type\" content=\"article\" \/>\n<meta property=\"og:title\" content=\"Agenda - La Table du Mus\u00e9e\" \/>\n<meta property=\"og:description\" content=\"Soir\u00e9e d&rsquo;intronisation de nouveaux membres de l&rsquo;association les disciples d&rsquo;Escoffier, plus importante association gastronomique au monde, suivie d&rsquo;un d\u00eener sous forme champ\u00eatre, et d&rsquo;une soir\u00e9e chanson, 5euros par repas sont revers\u00e9s le soir m\u00eame \u00e0 l&rsquo;association \u00ab\u00a0le Combat de Jade\u00a0\u00bb Menu Escoffier 35\u20ac (5\u20ac seront revers\u00e9s \u00e0 l&rsquo;association le Combat de Jade) 1 verre de&hellip;\" \/>\n<meta property=\"og:url\" content=\"https:\/\/latabledumusee.com\/index.php\/agenda\/\" \/>\n<meta property=\"og:site_name\" content=\"La Table du Mus\u00e9e\" \/>\n<meta property=\"article:publisher\" content=\"https:\/\/www.facebook.com\/valerie.cristinachef\/\" \/>\n<meta property=\"article:modified_time\" content=\"2026-03-30T10:07:15+00:00\" \/>\n<meta name=\"twitter:card\" content=\"summary_large_image\" \/>\n<meta name=\"twitter:label1\" content=\"Dur\u00e9e de lecture estim\u00e9e\" \/>\n\t<meta name=\"twitter:data1\" content=\"1 minute\" \/>\n<script type=\"application\/ld+json\" class=\"yoast-schema-graph\">{\"@context\":\"https:\\\/\\\/schema.org\",\"@graph\":[{\"@type\":\"WebPage\",\"@id\":\"https:\\\/\\\/latabledumusee.com\\\/index.php\\\/agenda\\\/\",\"url\":\"https:\\\/\\\/latabledumusee.com\\\/index.php\\\/agenda\\\/\",\"name\":\"Agenda - La Table du Mus\u00e9e\",\"isPartOf\":{\"@id\":\"https:\\\/\\\/latabledumusee.com\\\/#website\"},\"primaryImageOfPage\":{\"@id\":\"https:\\\/\\\/latabledumusee.com\\\/index.php\\\/agenda\\\/#primaryimage\"},\"image\":{\"@id\":\"https:\\\/\\\/latabledumusee.com\\\/index.php\\\/agenda\\\/#primaryimage\"},\"thumbnailUrl\":\"\",\"datePublished\":\"2024-11-26T15:08:05+00:00\",\"dateModified\":\"2026-03-30T10:07:15+00:00\",\"breadcrumb\":{\"@id\":\"https:\\\/\\\/latabledumusee.com\\\/index.php\\\/agenda\\\/#breadcrumb\"},\"inLanguage\":\"fr-FR\",\"potentialAction\":[{\"@type\":\"ReadAction\",\"target\":[\"https:\\\/\\\/latabledumusee.com\\\/index.php\\\/agenda\\\/\"]}]},{\"@type\":\"ImageObject\",\"inLanguage\":\"fr-FR\",\"@id\":\"https:\\\/\\\/latabledumusee.com\\\/index.php\\\/agenda\\\/#primaryimage\",\"url\":\"\",\"contentUrl\":\"\"},{\"@type\":\"BreadcrumbList\",\"@id\":\"https:\\\/\\\/latabledumusee.com\\\/index.php\\\/agenda\\\/#breadcrumb\",\"itemListElement\":[{\"@type\":\"ListItem\",\"position\":1,\"name\":\"Accueil\",\"item\":\"https:\\\/\\\/latabledumusee.com\\\/\"},{\"@type\":\"ListItem\",\"position\":2,\"name\":\"Agenda\"}]},{\"@type\":\"WebSite\",\"@id\":\"https:\\\/\\\/latabledumusee.com\\\/#website\",\"url\":\"https:\\\/\\\/latabledumusee.com\\\/\",\"name\":\"La Table du Mus\u00e9e\",\"description\":\"Un Restaurant \u00e0 St Bonnet le Troncy\",\"publisher\":{\"@id\":\"https:\\\/\\\/latabledumusee.com\\\/#organization\"},\"potentialAction\":[{\"@type\":\"SearchAction\",\"target\":{\"@type\":\"EntryPoint\",\"urlTemplate\":\"https:\\\/\\\/latabledumusee.com\\\/?s={search_term_string}\"},\"query-input\":{\"@type\":\"PropertyValueSpecification\",\"valueRequired\":true,\"valueName\":\"search_term_string\"}}],\"inLanguage\":\"fr-FR\"},{\"@type\":\"Organization\",\"@id\":\"https:\\\/\\\/latabledumusee.com\\\/#organization\",\"name\":\"Cristina Val\u00e9rie (La Table du Mus\u00e9e)\",\"url\":\"https:\\\/\\\/latabledumusee.com\\\/\",\"logo\":{\"@type\":\"ImageObject\",\"inLanguage\":\"fr-FR\",\"@id\":\"https:\\\/\\\/latabledumusee.com\\\/#\\\/schema\\\/logo\\\/image\\\/\",\"url\":\"https:\\\/\\\/latabledumusee.com\\\/wp-content\\\/uploads\\\/2021\\\/05\\\/LogoCarre-TableDu-Musee-Sombre.webp\",\"contentUrl\":\"https:\\\/\\\/latabledumusee.com\\\/wp-content\\\/uploads\\\/2021\\\/05\\\/LogoCarre-TableDu-Musee-Sombre.webp\",\"width\":1000,\"height\":1000,\"caption\":\"Cristina Val\u00e9rie (La Table du Mus\u00e9e)\"},\"image\":{\"@id\":\"https:\\\/\\\/latabledumusee.com\\\/#\\\/schema\\\/logo\\\/image\\\/\"},\"sameAs\":[\"https:\\\/\\\/www.facebook.com\\\/valerie.cristinachef\\\/\"]}]}<\/script>\n<!-- \/ Yoast SEO plugin. -->","yoast_head_json":{"title":"Agenda - La Table du Mus\u00e9e","robots":{"index":"index","follow":"follow","max-snippet":"max-snippet:-1","max-image-preview":"max-image-preview:large","max-video-preview":"max-video-preview:-1"},"canonical":"https:\/\/latabledumusee.com\/index.php\/agenda\/","og_locale":"fr_FR","og_type":"article","og_title":"Agenda - La Table du Mus\u00e9e","og_description":"Soir\u00e9e d&rsquo;intronisation de nouveaux membres de l&rsquo;association les disciples d&rsquo;Escoffier, plus importante association gastronomique au monde, suivie d&rsquo;un d\u00eener sous forme champ\u00eatre, et d&rsquo;une soir\u00e9e chanson, 5euros par repas sont revers\u00e9s le soir m\u00eame \u00e0 l&rsquo;association \u00ab\u00a0le Combat de Jade\u00a0\u00bb Menu Escoffier 35\u20ac (5\u20ac seront revers\u00e9s \u00e0 l&rsquo;association le Combat de Jade) 1 verre de&hellip;","og_url":"https:\/\/latabledumusee.com\/index.php\/agenda\/","og_site_name":"La Table du Mus\u00e9e","article_publisher":"https:\/\/www.facebook.com\/valerie.cristinachef\/","article_modified_time":"2026-03-30T10:07:15+00:00","twitter_card":"summary_large_image","twitter_misc":{"Dur\u00e9e de lecture estim\u00e9e":"1 minute"},"schema":{"@context":"https:\/\/schema.org","@graph":[{"@type":"WebPage","@id":"https:\/\/latabledumusee.com\/index.php\/agenda\/","url":"https:\/\/latabledumusee.com\/index.php\/agenda\/","name":"Agenda - La Table du Mus\u00e9e","isPartOf":{"@id":"https:\/\/latabledumusee.com\/#website"},"primaryImageOfPage":{"@id":"https:\/\/latabledumusee.com\/index.php\/agenda\/#primaryimage"},"image":{"@id":"https:\/\/latabledumusee.com\/index.php\/agenda\/#primaryimage"},"thumbnailUrl":"","datePublished":"2024-11-26T15:08:05+00:00","dateModified":"2026-03-30T10:07:15+00:00","breadcrumb":{"@id":"https:\/\/latabledumusee.com\/index.php\/agenda\/#breadcrumb"},"inLanguage":"fr-FR","potentialAction":[{"@type":"ReadAction","target":["https:\/\/latabledumusee.com\/index.php\/agenda\/"]}]},{"@type":"ImageObject","inLanguage":"fr-FR","@id":"https:\/\/latabledumusee.com\/index.php\/agenda\/#primaryimage","url":"","contentUrl":""},{"@type":"BreadcrumbList","@id":"https:\/\/latabledumusee.com\/index.php\/agenda\/#breadcrumb","itemListElement":[{"@type":"ListItem","position":1,"name":"Accueil","item":"https:\/\/latabledumusee.com\/"},{"@type":"ListItem","position":2,"name":"Agenda"}]},{"@type":"WebSite","@id":"https:\/\/latabledumusee.com\/#website","url":"https:\/\/latabledumusee.com\/","name":"La Table du Mus\u00e9e","description":"Un Restaurant \u00e0 St Bonnet le Troncy","publisher":{"@id":"https:\/\/latabledumusee.com\/#organization"},"potentialAction":[{"@type":"SearchAction","target":{"@type":"EntryPoint","urlTemplate":"https:\/\/latabledumusee.com\/?s={search_term_string}"},"query-input":{"@type":"PropertyValueSpecification","valueRequired":true,"valueName":"search_term_string"}}],"inLanguage":"fr-FR"},{"@type":"Organization","@id":"https:\/\/latabledumusee.com\/#organization","name":"Cristina Val\u00e9rie (La Table du Mus\u00e9e)","url":"https:\/\/latabledumusee.com\/","logo":{"@type":"ImageObject","inLanguage":"fr-FR","@id":"https:\/\/latabledumusee.com\/#\/schema\/logo\/image\/","url":"https:\/\/latabledumusee.com\/wp-content\/uploads\/2021\/05\/LogoCarre-TableDu-Musee-Sombre.webp","contentUrl":"https:\/\/latabledumusee.com\/wp-content\/uploads\/2021\/05\/LogoCarre-TableDu-Musee-Sombre.webp","width":1000,"height":1000,"caption":"Cristina Val\u00e9rie (La Table du Mus\u00e9e)"},"image":{"@id":"https:\/\/latabledumusee.com\/#\/schema\/logo\/image\/"},"sameAs":["https:\/\/www.facebook.com\/valerie.cristinachef\/"]}]}},"_links":{"self":[{"href":"https:\/\/latabledumusee.com\/index.php\/wp-json\/wp\/v2\/pages\/7711","targetHints":{"allow":["GET"]}}],"collection":[{"href":"https:\/\/latabledumusee.com\/index.php\/wp-json\/wp\/v2\/pages"}],"about":[{"href":"https:\/\/latabledumusee.com\/index.php\/wp-json\/wp\/v2\/types\/page"}],"author":[{"embeddable":true,"href":"https:\/\/latabledumusee.com\/index.php\/wp-json\/wp\/v2\/users\/2"}],"replies":[{"embeddable":true,"href":"https:\/\/latabledumusee.com\/index.php\/wp-json\/wp\/v2\/comments?post=7711"}],"version-history":[{"count":29,"href":"https:\/\/latabledumusee.com\/index.php\/wp-json\/wp\/v2\/pages\/7711\/revisions"}],"predecessor-version":[{"id":8253,"href":"https:\/\/latabledumusee.com\/index.php\/wp-json\/wp\/v2\/pages\/7711\/revisions\/8253"}],"wp:featuredmedia":[{"embeddable":true,"href":"https:\/\/latabledumusee.com\/index.php\/wp-json\/"}],"wp:attachment":[{"href":"https:\/\/latabledumusee.com\/index.php\/wp-json\/wp\/v2\/media?parent=7711"}],"curies":[{"name":"wp","href":"https:\/\/api.w.org\/{rel}","templated":true}]}}