{"id":870,"date":"2021-05-04T11:32:51","date_gmt":"2021-05-04T11:32:51","guid":{"rendered":"https:\/\/latabledumusee.com\/index.php\/about\/"},"modified":"2026-01-20T23:08:10","modified_gmt":"2026-01-20T22:08:10","slug":"chambres","status":"publish","type":"page","link":"https:\/\/latabledumusee.com\/index.php\/chambres\/","title":{"rendered":"Chambres d&rsquo;h\u00f4tes"},"content":{"rendered":"\t\t<div data-elementor-type=\"wp-page\" data-elementor-id=\"870\" class=\"elementor elementor-870\" data-elementor-post-type=\"page\">\n\t\t\t\t\t\t<section class=\"elementor-section elementor-top-section elementor-element elementor-element-52b3f99 elementor-reverse-mobile elementor-section-boxed elementor-section-height-default elementor-section-height-default\" data-id=\"52b3f99\" data-element_type=\"section\" data-e-type=\"section\">\n\t\t\t\t\t\t<div class=\"elementor-container elementor-column-gap-wider\">\n\t\t\t\t\t<div class=\"elementor-column elementor-col-50 elementor-top-column elementor-element elementor-element-ced21a6\" data-id=\"ced21a6\" data-element_type=\"column\" data-e-type=\"column\">\n\t\t\t<div class=\"elementor-widget-wrap elementor-element-populated\">\n\t\t\t\t\t\t<div class=\"elementor-element elementor-element-47b574d elementor-widget elementor-widget-spacer\" data-id=\"47b574d\" data-element_type=\"widget\" data-e-type=\"widget\" data-widget_type=\"spacer.default\">\n\t\t\t\t<div class=\"elementor-widget-container\">\n\t\t\t\t\t\t\t<div class=\"elementor-spacer\">\n\t\t\t<div class=\"elementor-spacer-inner\"><\/div>\n\t\t<\/div>\n\t\t\t\t\t\t<\/div>\n\t\t\t\t<\/div>\n\t\t\t\t<div class=\"elementor-element elementor-element-3ee8b49 elementor-widget__width-inherit elementor-widget elementor-widget-heading\" data-id=\"3ee8b49\" data-element_type=\"widget\" data-e-type=\"widget\" data-widget_type=\"heading.default\">\n\t\t\t\t<div class=\"elementor-widget-container\">\n\t\t\t\t\t<h3 class=\"elementor-heading-title elementor-size-default\">Venez vous ressourcer au c\u0153ur du Beaujolais Vert<\/h3>\t\t\t\t<\/div>\n\t\t\t\t<\/div>\n\t\t\t\t<div class=\"elementor-element elementor-element-1a036d5 elementor-widget elementor-widget-text-editor\" data-id=\"1a036d5\" data-element_type=\"widget\" data-e-type=\"widget\" data-widget_type=\"text-editor.default\">\n\t\t\t\t<div class=\"elementor-widget-container\">\n\t\t\t\t\t\t\t\t\t<p data-start=\"168\" data-end=\"479\"><strong data-start=\"168\" data-end=\"201\">Bienvenue \u00e0 La Table du Mus\u00e9e<\/strong>, une adresse de charme situ\u00e9e au c\u0153ur de <strong data-start=\"243\" data-end=\"269\">Saint-Bonnet-le-Troncy<\/strong>, dans les Monts du Beaujolais. Install\u00e9 dans un b\u00e2timent de caract\u00e8re charg\u00e9 d\u2019histoire, ce lieu singulier vous accueille pour un s\u00e9jour plac\u00e9 sous le signe du confort, de la convivialit\u00e9 et de la gastronomie.<\/p><p data-start=\"481\" data-end=\"898\">La maison propose <strong data-start=\"499\" data-end=\"551\">trois chambres d\u2019h\u00f4tes \u00e9l\u00e9gantes et chaleureuses<\/strong>, pens\u00e9es pour offrir un maximum de bien-\u00eatre. Chaque chambre dispose d\u2019un <strong data-start=\"626\" data-end=\"643\">lit king size<\/strong>, d\u2019une <strong data-start=\"651\" data-end=\"678\">salle de bain privative<\/strong> ainsi que de <strong data-start=\"692\" data-end=\"716\">WC privatifs s\u00e9par\u00e9s<\/strong>, garantissant intimit\u00e9 et confort. La d\u00e9coration soign\u00e9e, l\u2019atmosph\u00e8re paisible et les \u00e9quipements modernes en font un cocon id\u00e9al pour une escapade en couple ou un s\u00e9jour au calme.<\/p><p data-start=\"900\" data-end=\"1095\">Chaque matin, savourez un <strong data-start=\"926\" data-end=\"953\">petit-d\u00e9jeuner gourmand<\/strong>, pr\u00e9par\u00e9 avec des produits locaux et de saison, pour bien commencer la journ\u00e9e avant de partir explorer les paysages vallonn\u00e9s du Beaujolais.<\/p><p data-start=\"1097\" data-end=\"1442\">S\u00e9journer \u00e0 La Table du Mus\u00e9e, c\u2019est aussi vivre une <strong data-start=\"1150\" data-end=\"1184\">v\u00e9ritable exp\u00e9rience culinaire<\/strong>. Le restaurant est port\u00e9 par <strong data-start=\"1214\" data-end=\"1244\">la cheffe Val\u00e9rie Cristina<\/strong>, dont la cuisine g\u00e9n\u00e9reuse, cr\u00e9ative et sinc\u00e8re met \u00e0 l\u2019honneur le terroir et les produits de saison. Un d\u00eener \u00e0 sa table prolonge naturellement le plaisir du s\u00e9jour et en fait un moment m\u00e9morable.<\/p><p data-start=\"1444\" data-end=\"1663\">Que vous soyez de passage pour une nuit ou pour un s\u00e9jour plus long, <strong data-start=\"1513\" data-end=\"1534\">La Table du Mus\u00e9e<\/strong> vous offre une parenth\u00e8se authentique et raffin\u00e9e, o\u00f9 l\u2019art de recevoir et le plaisir des sens sont au c\u0153ur de chaque attention.<\/p>\t\t\t\t\t\t\t\t<\/div>\n\t\t\t\t<\/div>\n\t\t\t\t<div class=\"elementor-element elementor-element-60ca2b0 elementor-widget elementor-widget-spacer\" data-id=\"60ca2b0\" data-element_type=\"widget\" data-e-type=\"widget\" data-widget_type=\"spacer.default\">\n\t\t\t\t<div class=\"elementor-widget-container\">\n\t\t\t\t\t\t\t<div class=\"elementor-spacer\">\n\t\t\t<div class=\"elementor-spacer-inner\"><\/div>\n\t\t<\/div>\n\t\t\t\t\t\t<\/div>\n\t\t\t\t<\/div>\n\t\t\t\t<div class=\"elementor-element elementor-element-b5974f2 elementor-widget elementor-widget-text-editor\" data-id=\"b5974f2\" data-element_type=\"widget\" data-e-type=\"widget\" data-widget_type=\"text-editor.default\">\n\t\t\t\t<div class=\"elementor-widget-container\">\n\t\t\t\t\t\t\t\t\t<p><strong>Tarifs des chambres d\u2019h\u00f4tes<\/strong><\/p><ul><li>90 \u20ac pour une nuit unique<\/li><li>80 \u20ac par nuit \u00e0 partir de deux nuits r\u00e9serv\u00e9es<\/li><li>Petit-d\u00e9jeuner : 11 \u20ac par personne<\/li><\/ul>\t\t\t\t\t\t\t\t<\/div>\n\t\t\t\t<\/div>\n\t\t\t\t\t<\/div>\n\t\t<\/div>\n\t\t\t\t<div class=\"elementor-column elementor-col-50 elementor-top-column elementor-element elementor-element-7ad7cbf\" data-id=\"7ad7cbf\" data-element_type=\"column\" data-e-type=\"column\">\n\t\t\t<div class=\"elementor-widget-wrap elementor-element-populated\">\n\t\t\t\t\t\t<div class=\"elementor-element elementor-element-4da7ed2 elementor-widget elementor-widget-image\" data-id=\"4da7ed2\" data-element_type=\"widget\" data-e-type=\"widget\" data-widget_type=\"image.default\">\n\t\t\t\t<div class=\"elementor-widget-container\">\n\t\t\t\t\t\t\t\t\t\t\t\t\t\t\t<img decoding=\"async\" src=\"http:\/\/latabledumusee.com\/wp-content\/uploads\/2022\/12\/f0126.jpg\" title=\"\" alt=\"\" loading=\"lazy\" \/>\t\t\t\t\t\t\t\t\t\t\t\t\t\t\t<\/div>\n\t\t\t\t<\/div>\n\t\t\t\t<div class=\"elementor-element elementor-element-720878f elementor-widget elementor-widget-image\" data-id=\"720878f\" data-element_type=\"widget\" data-e-type=\"widget\" data-widget_type=\"image.default\">\n\t\t\t\t<div class=\"elementor-widget-container\">\n\t\t\t\t\t\t\t\t\t\t\t\t\t\t\t<img fetchpriority=\"high\" decoding=\"async\" width=\"960\" height=\"707\" src=\"https:\/\/latabledumusee.com\/wp-content\/uploads\/2026\/01\/IMG_3650.jpg\" class=\"attachment-large size-large wp-image-8160\" alt=\"\" srcset=\"https:\/\/latabledumusee.com\/wp-content\/uploads\/2026\/01\/IMG_3650.jpg 960w, https:\/\/latabledumusee.com\/wp-content\/uploads\/2026\/01\/IMG_3650-300x221.jpg 300w, https:\/\/latabledumusee.com\/wp-content\/uploads\/2026\/01\/IMG_3650-768x566.jpg 768w\" sizes=\"(max-width: 960px) 100vw, 960px\" \/>\t\t\t\t\t\t\t\t\t\t\t\t\t\t\t<\/div>\n\t\t\t\t<\/div>\n\t\t\t\t<div class=\"elementor-element elementor-element-fd07779 elementor-widget elementor-widget-spacer\" data-id=\"fd07779\" data-element_type=\"widget\" data-e-type=\"widget\" data-widget_type=\"spacer.default\">\n\t\t\t\t<div class=\"elementor-widget-container\">\n\t\t\t\t\t\t\t<div class=\"elementor-spacer\">\n\t\t\t<div class=\"elementor-spacer-inner\"><\/div>\n\t\t<\/div>\n\t\t\t\t\t\t<\/div>\n\t\t\t\t<\/div>\n\t\t\t\t<div class=\"elementor-element elementor-element-992d131 elementor-widget elementor-widget-image\" data-id=\"992d131\" data-element_type=\"widget\" data-e-type=\"widget\" data-widget_type=\"image.default\">\n\t\t\t\t<div class=\"elementor-widget-container\">\n\t\t\t\t\t\t\t\t\t\t\t\t\t\t\t<img decoding=\"async\" width=\"960\" height=\"725\" src=\"https:\/\/latabledumusee.com\/wp-content\/uploads\/2026\/01\/IMG_3651.jpg\" class=\"attachment-large size-large wp-image-8161\" alt=\"\" srcset=\"https:\/\/latabledumusee.com\/wp-content\/uploads\/2026\/01\/IMG_3651.jpg 960w, https:\/\/latabledumusee.com\/wp-content\/uploads\/2026\/01\/IMG_3651-300x227.jpg 300w, https:\/\/latabledumusee.com\/wp-content\/uploads\/2026\/01\/IMG_3651-768x580.jpg 768w\" sizes=\"(max-width: 960px) 100vw, 960px\" \/>\t\t\t\t\t\t\t\t\t\t\t\t\t\t\t<\/div>\n\t\t\t\t<\/div>\n\t\t\t\t<div class=\"elementor-element elementor-element-96d4c32 elementor-widget elementor-widget-spacer\" data-id=\"96d4c32\" data-element_type=\"widget\" data-e-type=\"widget\" data-widget_type=\"spacer.default\">\n\t\t\t\t<div class=\"elementor-widget-container\">\n\t\t\t\t\t\t\t<div class=\"elementor-spacer\">\n\t\t\t<div class=\"elementor-spacer-inner\"><\/div>\n\t\t<\/div>\n\t\t\t\t\t\t<\/div>\n\t\t\t\t<\/div>\n\t\t\t\t<div class=\"elementor-element elementor-element-3972d07 elementor-widget elementor-widget-image\" data-id=\"3972d07\" data-element_type=\"widget\" data-e-type=\"widget\" data-widget_type=\"image.default\">\n\t\t\t\t<div class=\"elementor-widget-container\">\n\t\t\t\t\t\t\t\t\t\t\t\t\t\t\t<img decoding=\"async\" width=\"960\" height=\"628\" src=\"https:\/\/latabledumusee.com\/wp-content\/uploads\/2026\/01\/IMG_3647.jpg\" class=\"attachment-large size-large wp-image-8158\" alt=\"\" srcset=\"https:\/\/latabledumusee.com\/wp-content\/uploads\/2026\/01\/IMG_3647.jpg 960w, https:\/\/latabledumusee.com\/wp-content\/uploads\/2026\/01\/IMG_3647-300x196.jpg 300w, https:\/\/latabledumusee.com\/wp-content\/uploads\/2026\/01\/IMG_3647-768x502.jpg 768w\" sizes=\"(max-width: 960px) 100vw, 960px\" \/>\t\t\t\t\t\t\t\t\t\t\t\t\t\t\t<\/div>\n\t\t\t\t<\/div>\n\t\t\t\t\t<\/div>\n\t\t<\/div>\n\t\t\t\t\t<\/div>\n\t\t<\/section>\n\t\t\t\t<\/div>\n\t\t","protected":false},"excerpt":{"rendered":"<p>Venez vous ressourcer au c\u0153ur du Beaujolais Vert Bienvenue \u00e0 La Table du Mus\u00e9e, une adresse de charme situ\u00e9e au c\u0153ur de Saint-Bonnet-le-Troncy, dans les Monts du Beaujolais. Install\u00e9 dans un b\u00e2timent de caract\u00e8re charg\u00e9 d\u2019histoire, ce lieu singulier vous accueille pour un s\u00e9jour plac\u00e9 sous le signe du confort, de la convivialit\u00e9 et de&hellip;<\/p>\n","protected":false},"author":2,"featured_media":1616,"parent":0,"menu_order":2,"comment_status":"closed","ping_status":"closed","template":"","meta":{"footnotes":""},"class_list":["post-870","page","type-page","status-publish","has-post-thumbnail","hentry"],"yoast_head":"<!-- This site is optimized with the Yoast SEO plugin v27.4 - https:\/\/yoast.com\/product\/yoast-seo-wordpress\/ -->\n<title>Chambres d&#039;h\u00f4tes - La Table du Mus\u00e9e<\/title>\n<meta name=\"robots\" content=\"index, follow, max-snippet:-1, max-image-preview:large, max-video-preview:-1\" \/>\n<link rel=\"canonical\" href=\"https:\/\/latabledumusee.com\/index.php\/chambres\/\" \/>\n<meta property=\"og:locale\" content=\"fr_FR\" \/>\n<meta property=\"og:type\" content=\"article\" \/>\n<meta property=\"og:title\" content=\"Chambres d&#039;h\u00f4tes - La Table du Mus\u00e9e\" \/>\n<meta property=\"og:description\" content=\"Venez vous ressourcer au c\u0153ur du Beaujolais Vert Bienvenue \u00e0 La Table du Mus\u00e9e, une adresse de charme situ\u00e9e au c\u0153ur de Saint-Bonnet-le-Troncy, dans les Monts du Beaujolais. Install\u00e9 dans un b\u00e2timent de caract\u00e8re charg\u00e9 d\u2019histoire, ce lieu singulier vous accueille pour un s\u00e9jour plac\u00e9 sous le signe du confort, de la convivialit\u00e9 et de&hellip;\" \/>\n<meta property=\"og:url\" content=\"https:\/\/latabledumusee.com\/index.php\/chambres\/\" \/>\n<meta property=\"og:site_name\" content=\"La Table du Mus\u00e9e\" \/>\n<meta property=\"article:publisher\" content=\"https:\/\/www.facebook.com\/valerie.cristinachef\/\" \/>\n<meta property=\"article:modified_time\" content=\"2026-01-20T22:08:10+00:00\" \/>\n<meta name=\"twitter:card\" content=\"summary_large_image\" \/>\n<meta name=\"twitter:label1\" content=\"Dur\u00e9e de lecture estim\u00e9e\" \/>\n\t<meta name=\"twitter:data1\" content=\"3 minutes\" \/>\n<script type=\"application\/ld+json\" class=\"yoast-schema-graph\">{\"@context\":\"https:\\\/\\\/schema.org\",\"@graph\":[{\"@type\":\"WebPage\",\"@id\":\"https:\\\/\\\/latabledumusee.com\\\/index.php\\\/chambres\\\/\",\"url\":\"https:\\\/\\\/latabledumusee.com\\\/index.php\\\/chambres\\\/\",\"name\":\"Chambres d'h\u00f4tes - La Table du Mus\u00e9e\",\"isPartOf\":{\"@id\":\"https:\\\/\\\/latabledumusee.com\\\/#website\"},\"primaryImageOfPage\":{\"@id\":\"https:\\\/\\\/latabledumusee.com\\\/index.php\\\/chambres\\\/#primaryimage\"},\"image\":{\"@id\":\"https:\\\/\\\/latabledumusee.com\\\/index.php\\\/chambres\\\/#primaryimage\"},\"thumbnailUrl\":\"\",\"datePublished\":\"2021-05-04T11:32:51+00:00\",\"dateModified\":\"2026-01-20T22:08:10+00:00\",\"breadcrumb\":{\"@id\":\"https:\\\/\\\/latabledumusee.com\\\/index.php\\\/chambres\\\/#breadcrumb\"},\"inLanguage\":\"fr-FR\",\"potentialAction\":[{\"@type\":\"ReadAction\",\"target\":[\"https:\\\/\\\/latabledumusee.com\\\/index.php\\\/chambres\\\/\"]}]},{\"@type\":\"ImageObject\",\"inLanguage\":\"fr-FR\",\"@id\":\"https:\\\/\\\/latabledumusee.com\\\/index.php\\\/chambres\\\/#primaryimage\",\"url\":\"\",\"contentUrl\":\"\"},{\"@type\":\"BreadcrumbList\",\"@id\":\"https:\\\/\\\/latabledumusee.com\\\/index.php\\\/chambres\\\/#breadcrumb\",\"itemListElement\":[{\"@type\":\"ListItem\",\"position\":1,\"name\":\"Accueil\",\"item\":\"https:\\\/\\\/latabledumusee.com\\\/\"},{\"@type\":\"ListItem\",\"position\":2,\"name\":\"Chambres d&rsquo;h\u00f4tes\"}]},{\"@type\":\"WebSite\",\"@id\":\"https:\\\/\\\/latabledumusee.com\\\/#website\",\"url\":\"https:\\\/\\\/latabledumusee.com\\\/\",\"name\":\"La Table du Mus\u00e9e\",\"description\":\"Un Restaurant \u00e0 St Bonnet le Troncy\",\"publisher\":{\"@id\":\"https:\\\/\\\/latabledumusee.com\\\/#organization\"},\"potentialAction\":[{\"@type\":\"SearchAction\",\"target\":{\"@type\":\"EntryPoint\",\"urlTemplate\":\"https:\\\/\\\/latabledumusee.com\\\/?s={search_term_string}\"},\"query-input\":{\"@type\":\"PropertyValueSpecification\",\"valueRequired\":true,\"valueName\":\"search_term_string\"}}],\"inLanguage\":\"fr-FR\"},{\"@type\":\"Organization\",\"@id\":\"https:\\\/\\\/latabledumusee.com\\\/#organization\",\"name\":\"Cristina Val\u00e9rie (La Table du Mus\u00e9e)\",\"url\":\"https:\\\/\\\/latabledumusee.com\\\/\",\"logo\":{\"@type\":\"ImageObject\",\"inLanguage\":\"fr-FR\",\"@id\":\"https:\\\/\\\/latabledumusee.com\\\/#\\\/schema\\\/logo\\\/image\\\/\",\"url\":\"https:\\\/\\\/latabledumusee.com\\\/wp-content\\\/uploads\\\/2021\\\/05\\\/LogoCarre-TableDu-Musee-Sombre.webp\",\"contentUrl\":\"https:\\\/\\\/latabledumusee.com\\\/wp-content\\\/uploads\\\/2021\\\/05\\\/LogoCarre-TableDu-Musee-Sombre.webp\",\"width\":1000,\"height\":1000,\"caption\":\"Cristina Val\u00e9rie (La Table du Mus\u00e9e)\"},\"image\":{\"@id\":\"https:\\\/\\\/latabledumusee.com\\\/#\\\/schema\\\/logo\\\/image\\\/\"},\"sameAs\":[\"https:\\\/\\\/www.facebook.com\\\/valerie.cristinachef\\\/\"]}]}<\/script>\n<!-- \/ Yoast SEO plugin. -->","yoast_head_json":{"title":"Chambres d'h\u00f4tes - La Table du Mus\u00e9e","robots":{"index":"index","follow":"follow","max-snippet":"max-snippet:-1","max-image-preview":"max-image-preview:large","max-video-preview":"max-video-preview:-1"},"canonical":"https:\/\/latabledumusee.com\/index.php\/chambres\/","og_locale":"fr_FR","og_type":"article","og_title":"Chambres d'h\u00f4tes - La Table du Mus\u00e9e","og_description":"Venez vous ressourcer au c\u0153ur du Beaujolais Vert Bienvenue \u00e0 La Table du Mus\u00e9e, une adresse de charme situ\u00e9e au c\u0153ur de Saint-Bonnet-le-Troncy, dans les Monts du Beaujolais. Install\u00e9 dans un b\u00e2timent de caract\u00e8re charg\u00e9 d\u2019histoire, ce lieu singulier vous accueille pour un s\u00e9jour plac\u00e9 sous le signe du confort, de la convivialit\u00e9 et de&hellip;","og_url":"https:\/\/latabledumusee.com\/index.php\/chambres\/","og_site_name":"La Table du Mus\u00e9e","article_publisher":"https:\/\/www.facebook.com\/valerie.cristinachef\/","article_modified_time":"2026-01-20T22:08:10+00:00","twitter_card":"summary_large_image","twitter_misc":{"Dur\u00e9e de lecture estim\u00e9e":"3 minutes"},"schema":{"@context":"https:\/\/schema.org","@graph":[{"@type":"WebPage","@id":"https:\/\/latabledumusee.com\/index.php\/chambres\/","url":"https:\/\/latabledumusee.com\/index.php\/chambres\/","name":"Chambres d'h\u00f4tes - La Table du Mus\u00e9e","isPartOf":{"@id":"https:\/\/latabledumusee.com\/#website"},"primaryImageOfPage":{"@id":"https:\/\/latabledumusee.com\/index.php\/chambres\/#primaryimage"},"image":{"@id":"https:\/\/latabledumusee.com\/index.php\/chambres\/#primaryimage"},"thumbnailUrl":"","datePublished":"2021-05-04T11:32:51+00:00","dateModified":"2026-01-20T22:08:10+00:00","breadcrumb":{"@id":"https:\/\/latabledumusee.com\/index.php\/chambres\/#breadcrumb"},"inLanguage":"fr-FR","potentialAction":[{"@type":"ReadAction","target":["https:\/\/latabledumusee.com\/index.php\/chambres\/"]}]},{"@type":"ImageObject","inLanguage":"fr-FR","@id":"https:\/\/latabledumusee.com\/index.php\/chambres\/#primaryimage","url":"","contentUrl":""},{"@type":"BreadcrumbList","@id":"https:\/\/latabledumusee.com\/index.php\/chambres\/#breadcrumb","itemListElement":[{"@type":"ListItem","position":1,"name":"Accueil","item":"https:\/\/latabledumusee.com\/"},{"@type":"ListItem","position":2,"name":"Chambres d&rsquo;h\u00f4tes"}]},{"@type":"WebSite","@id":"https:\/\/latabledumusee.com\/#website","url":"https:\/\/latabledumusee.com\/","name":"La Table du Mus\u00e9e","description":"Un Restaurant \u00e0 St Bonnet le Troncy","publisher":{"@id":"https:\/\/latabledumusee.com\/#organization"},"potentialAction":[{"@type":"SearchAction","target":{"@type":"EntryPoint","urlTemplate":"https:\/\/latabledumusee.com\/?s={search_term_string}"},"query-input":{"@type":"PropertyValueSpecification","valueRequired":true,"valueName":"search_term_string"}}],"inLanguage":"fr-FR"},{"@type":"Organization","@id":"https:\/\/latabledumusee.com\/#organization","name":"Cristina Val\u00e9rie (La Table du Mus\u00e9e)","url":"https:\/\/latabledumusee.com\/","logo":{"@type":"ImageObject","inLanguage":"fr-FR","@id":"https:\/\/latabledumusee.com\/#\/schema\/logo\/image\/","url":"https:\/\/latabledumusee.com\/wp-content\/uploads\/2021\/05\/LogoCarre-TableDu-Musee-Sombre.webp","contentUrl":"https:\/\/latabledumusee.com\/wp-content\/uploads\/2021\/05\/LogoCarre-TableDu-Musee-Sombre.webp","width":1000,"height":1000,"caption":"Cristina Val\u00e9rie (La Table du Mus\u00e9e)"},"image":{"@id":"https:\/\/latabledumusee.com\/#\/schema\/logo\/image\/"},"sameAs":["https:\/\/www.facebook.com\/valerie.cristinachef\/"]}]}},"_links":{"self":[{"href":"https:\/\/latabledumusee.com\/index.php\/wp-json\/wp\/v2\/pages\/870","targetHints":{"allow":["GET"]}}],"collection":[{"href":"https:\/\/latabledumusee.com\/index.php\/wp-json\/wp\/v2\/pages"}],"about":[{"href":"https:\/\/latabledumusee.com\/index.php\/wp-json\/wp\/v2\/types\/page"}],"author":[{"embeddable":true,"href":"https:\/\/latabledumusee.com\/index.php\/wp-json\/wp\/v2\/users\/2"}],"replies":[{"embeddable":true,"href":"https:\/\/latabledumusee.com\/index.php\/wp-json\/wp\/v2\/comments?post=870"}],"version-history":[{"count":12,"href":"https:\/\/latabledumusee.com\/index.php\/wp-json\/wp\/v2\/pages\/870\/revisions"}],"predecessor-version":[{"id":8215,"href":"https:\/\/latabledumusee.com\/index.php\/wp-json\/wp\/v2\/pages\/870\/revisions\/8215"}],"wp:featuredmedia":[{"embeddable":true,"href":"https:\/\/latabledumusee.com\/index.php\/wp-json\/"}],"wp:attachment":[{"href":"https:\/\/latabledumusee.com\/index.php\/wp-json\/wp\/v2\/media?parent=870"}],"curies":[{"name":"wp","href":"https:\/\/api.w.org\/{rel}","templated":true}]}}