{"id":876,"date":"2021-05-04T11:33:40","date_gmt":"2021-05-04T11:33:40","guid":{"rendered":"https:\/\/latabledumusee.com\/index.php\/contact\/"},"modified":"2026-01-11T10:52:42","modified_gmt":"2026-01-11T09:52:42","slug":"contact","status":"publish","type":"page","link":"https:\/\/latabledumusee.com\/index.php\/contact\/","title":{"rendered":"Contact"},"content":{"rendered":"\t\t<div data-elementor-type=\"wp-page\" data-elementor-id=\"876\" class=\"elementor elementor-876\" data-elementor-post-type=\"page\">\n\t\t\t\t\t\t<section class=\"elementor-section elementor-top-section elementor-element elementor-element-f994bd6 elementor-section-boxed elementor-section-height-default elementor-section-height-default\" data-id=\"f994bd6\" data-element_type=\"section\" data-e-type=\"section\">\n\t\t\t\t\t\t<div class=\"elementor-container elementor-column-gap-wider\">\n\t\t\t\t\t<div class=\"elementor-column elementor-col-50 elementor-top-column elementor-element elementor-element-5ab2a78\" data-id=\"5ab2a78\" data-element_type=\"column\" data-e-type=\"column\">\n\t\t\t<div class=\"elementor-widget-wrap elementor-element-populated\">\n\t\t\t\t\t\t<div class=\"elementor-element elementor-element-5df16bd elementor-widget elementor-widget-heading\" data-id=\"5df16bd\" data-element_type=\"widget\" data-e-type=\"widget\" data-widget_type=\"heading.default\">\n\t\t\t\t<div class=\"elementor-widget-container\">\n\t\t\t\t\t<h3 class=\"elementor-heading-title elementor-size-default\">Informations<\/h3>\t\t\t\t<\/div>\n\t\t\t\t<\/div>\n\t\t\t\t<div class=\"elementor-element elementor-element-26927e4 elementor-widget elementor-widget-spacer\" data-id=\"26927e4\" data-element_type=\"widget\" data-e-type=\"widget\" data-widget_type=\"spacer.default\">\n\t\t\t\t<div class=\"elementor-widget-container\">\n\t\t\t\t\t\t\t<div class=\"elementor-spacer\">\n\t\t\t<div class=\"elementor-spacer-inner\"><\/div>\n\t\t<\/div>\n\t\t\t\t\t\t<\/div>\n\t\t\t\t<\/div>\n\t\t\t\t<div class=\"elementor-element elementor-element-c215737 elementor-widget elementor-widget-text-editor\" data-id=\"c215737\" data-element_type=\"widget\" data-e-type=\"widget\" data-widget_type=\"text-editor.default\">\n\t\t\t\t<div class=\"elementor-widget-container\">\n\t\t\t\t\t\t\t\t\t<p><span style=\"color: #87ad83;\">Adresse:<\/span> 36 Place de l\u2019\u00e9glise, 69870 Saint-Bonnet-le-Troncy<\/p><p><span style=\"color: #87ad83;\">T\u00e9l\u00e9phone: <\/span>07 63 69 77 72<\/p><p><span style=\"color: #87ad83;\">Courriel:<\/span> latabledumusee.cristina@gmail.com<\/p>\t\t\t\t\t\t\t\t<\/div>\n\t\t\t\t<\/div>\n\t\t\t\t<div class=\"elementor-element elementor-element-4086eb4 elementor-widget elementor-widget-spacer\" data-id=\"4086eb4\" data-element_type=\"widget\" data-e-type=\"widget\" data-widget_type=\"spacer.default\">\n\t\t\t\t<div class=\"elementor-widget-container\">\n\t\t\t\t\t\t\t<div class=\"elementor-spacer\">\n\t\t\t<div class=\"elementor-spacer-inner\"><\/div>\n\t\t<\/div>\n\t\t\t\t\t\t<\/div>\n\t\t\t\t<\/div>\n\t\t\t\t<div class=\"elementor-element elementor-element-4f3fd39 elementor-widget elementor-widget-heading\" data-id=\"4f3fd39\" data-element_type=\"widget\" data-e-type=\"widget\" data-widget_type=\"heading.default\">\n\t\t\t\t<div class=\"elementor-widget-container\">\n\t\t\t\t\t<h3 class=\"elementor-heading-title elementor-size-default\">Horaires<\/h3>\t\t\t\t<\/div>\n\t\t\t\t<\/div>\n\t\t\t\t<div class=\"elementor-element elementor-element-40679c9 elementor-widget elementor-widget-spacer\" data-id=\"40679c9\" data-element_type=\"widget\" data-e-type=\"widget\" data-widget_type=\"spacer.default\">\n\t\t\t\t<div class=\"elementor-widget-container\">\n\t\t\t\t\t\t\t<div class=\"elementor-spacer\">\n\t\t\t<div class=\"elementor-spacer-inner\"><\/div>\n\t\t<\/div>\n\t\t\t\t\t\t<\/div>\n\t\t\t\t<\/div>\n\t\t\t\t<div class=\"elementor-element elementor-element-3c34bc6 elementor-widget elementor-widget-text-editor\" data-id=\"3c34bc6\" data-element_type=\"widget\" data-e-type=\"widget\" data-widget_type=\"text-editor.default\">\n\t\t\t\t<div class=\"elementor-widget-container\">\n\t\t\t\t\t\t\t\t\t<p><span style=\"color: #87ad83;\">Lundi\u00a0 &amp; Mardi:<\/span> Ferm\u00e9<\/p><p><span style=\"color: #87ad83;\">Mercredi:<\/span> 8:00 \u00e0 17:00<\/p><p><span style=\"color: #87ad83;\">Jeudi:<\/span> 8:00 \u00e0 17:00<\/p><p><span style=\"color: #87ad83;\">Vendredi:<\/span> 8:00 \u00e0 17:00<\/p><p><span style=\"color: #87ad83;\">Samedi:<\/span> 8:00 \u00e0 23:00\u00a0<\/p><p><span style=\"color: #87ad83;\">Dimanche:<\/span> 8:00 \u00e0 17:00<\/p><p>Ouvert le soir sur r\u00e9servation pour les groupes \u00e0 partir de 15 personnes<\/p>\t\t\t\t\t\t\t\t<\/div>\n\t\t\t\t<\/div>\n\t\t\t\t<div class=\"elementor-element elementor-element-87cba9f elementor-widget elementor-widget-spacer\" data-id=\"87cba9f\" data-element_type=\"widget\" data-e-type=\"widget\" data-widget_type=\"spacer.default\">\n\t\t\t\t<div class=\"elementor-widget-container\">\n\t\t\t\t\t\t\t<div class=\"elementor-spacer\">\n\t\t\t<div class=\"elementor-spacer-inner\"><\/div>\n\t\t<\/div>\n\t\t\t\t\t\t<\/div>\n\t\t\t\t<\/div>\n\t\t\t\t\t<\/div>\n\t\t<\/div>\n\t\t\t\t<div class=\"elementor-column elementor-col-50 elementor-top-column elementor-element elementor-element-49406ab\" data-id=\"49406ab\" data-element_type=\"column\" data-e-type=\"column\">\n\t\t\t<div class=\"elementor-widget-wrap elementor-element-populated\">\n\t\t\t\t\t\t<div class=\"elementor-element elementor-element-d1d7ecd elementor-widget elementor-widget-spacer\" data-id=\"d1d7ecd\" data-element_type=\"widget\" data-e-type=\"widget\" data-widget_type=\"spacer.default\">\n\t\t\t\t<div class=\"elementor-widget-container\">\n\t\t\t\t\t\t\t<div class=\"elementor-spacer\">\n\t\t\t<div class=\"elementor-spacer-inner\"><\/div>\n\t\t<\/div>\n\t\t\t\t\t\t<\/div>\n\t\t\t\t<\/div>\n\t\t\t\t<div class=\"elementor-element elementor-element-feb70f2 elementor-widget elementor-widget-image\" data-id=\"feb70f2\" data-element_type=\"widget\" data-e-type=\"widget\" data-widget_type=\"image.default\">\n\t\t\t\t<div class=\"elementor-widget-container\">\n\t\t\t\t\t\t\t\t\t\t\t\t\t\t\t<img fetchpriority=\"high\" decoding=\"async\" width=\"768\" height=\"1024\" src=\"https:\/\/latabledumusee.com\/wp-content\/uploads\/2026\/01\/IMG_0545-768x1024.jpg\" class=\"attachment-medium_large size-medium_large wp-image-7965\" alt=\"\" srcset=\"https:\/\/latabledumusee.com\/wp-content\/uploads\/2026\/01\/IMG_0545-768x1024.jpg 768w, https:\/\/latabledumusee.com\/wp-content\/uploads\/2026\/01\/IMG_0545-225x300.jpg 225w, https:\/\/latabledumusee.com\/wp-content\/uploads\/2026\/01\/IMG_0545-1152x1536.jpg 1152w, https:\/\/latabledumusee.com\/wp-content\/uploads\/2026\/01\/IMG_0545-1536x2048.jpg 1536w, https:\/\/latabledumusee.com\/wp-content\/uploads\/2026\/01\/IMG_0545-scaled.jpg 1920w\" sizes=\"(max-width: 768px) 100vw, 768px\" \/>\t\t\t\t\t\t\t\t\t\t\t\t\t\t\t<\/div>\n\t\t\t\t<\/div>\n\t\t\t\t\t<\/div>\n\t\t<\/div>\n\t\t\t\t\t<\/div>\n\t\t<\/section>\n\t\t<div class=\"elementor-element elementor-element-4f003af e-flex e-con-boxed e-con e-parent\" data-id=\"4f003af\" data-element_type=\"container\" data-e-type=\"container\">\n\t\t\t\t\t<div class=\"e-con-inner\">\n\t\t\t\t<div class=\"elementor-element elementor-element-3beb4b4 elementor-widget elementor-widget-google_maps\" data-id=\"3beb4b4\" data-element_type=\"widget\" data-e-type=\"widget\" data-widget_type=\"google_maps.default\">\n\t\t\t\t<div class=\"elementor-widget-container\">\n\t\t\t\t\t\t\t<div class=\"elementor-custom-embed\">\n\t\t\t<iframe loading=\"lazy\"\n\t\t\t\t\tsrc=\"https:\/\/maps.google.com\/maps?q=La%20table%20du%20mus%C3%A9%2C%2069870%20St%20Bonnet%20le%20Troncy&#038;t=m&#038;z=11&#038;output=embed&#038;iwloc=near\"\n\t\t\t\t\ttitle=\"La table du mus\u00e9, 69870 St Bonnet le Troncy\"\n\t\t\t\t\taria-label=\"La table du mus\u00e9, 69870 St Bonnet le Troncy\"\n\t\t\t><\/iframe>\n\t\t<\/div>\n\t\t\t\t\t\t<\/div>\n\t\t\t\t<\/div>\n\t\t\t\t\t<\/div>\n\t\t\t\t<\/div>\n\t\t<div class=\"elementor-element elementor-element-5677439 e-flex e-con-boxed e-con e-parent\" data-id=\"5677439\" data-element_type=\"container\" data-e-type=\"container\">\n\t\t\t\t\t<div class=\"e-con-inner\">\n\t\t<div class=\"elementor-element elementor-element-34e675c e-con-full e-flex e-con e-child\" data-id=\"34e675c\" data-element_type=\"container\" data-e-type=\"container\">\n\t\t\t\t<\/div>\n\t\t<div class=\"elementor-element elementor-element-8a9f73d e-con-full e-flex e-con e-child\" data-id=\"8a9f73d\" data-element_type=\"container\" data-e-type=\"container\">\n\t\t\t\t<\/div>\n\t\t<div class=\"elementor-element elementor-element-4d974de e-con-full e-flex e-con e-child\" data-id=\"4d974de\" data-element_type=\"container\" data-e-type=\"container\">\n\t\t\t\t<\/div>\n\t\t<div class=\"elementor-element elementor-element-cd4c7c1 e-con-full e-flex e-con e-child\" data-id=\"cd4c7c1\" data-element_type=\"container\" data-e-type=\"container\">\n\t\t\t\t<\/div>\n\t\t\t\t\t<\/div>\n\t\t\t\t<\/div>\n\t\t<div class=\"elementor-element elementor-element-8d52601 e-flex e-con-boxed e-con e-parent\" data-id=\"8d52601\" data-element_type=\"container\" data-e-type=\"container\">\n\t\t\t\t\t<div class=\"e-con-inner\">\n\t\t<div class=\"elementor-element elementor-element-2b0d48d e-con-full e-flex e-con e-child\" data-id=\"2b0d48d\" data-element_type=\"container\" data-e-type=\"container\">\n\t\t\t\t<\/div>\n\t\t<div class=\"elementor-element elementor-element-77f84da e-con-full e-flex e-con e-child\" data-id=\"77f84da\" data-element_type=\"container\" data-e-type=\"container\">\n\t\t\t\t<\/div>\n\t\t<div class=\"elementor-element elementor-element-10daa49 e-con-full e-flex e-con e-child\" data-id=\"10daa49\" data-element_type=\"container\" data-e-type=\"container\">\n\t\t\t\t<\/div>\n\t\t<div class=\"elementor-element elementor-element-507fdc6 e-con-full e-flex e-con e-child\" data-id=\"507fdc6\" data-element_type=\"container\" data-e-type=\"container\">\n\t\t\t\t<\/div>\n\t\t\t\t\t<\/div>\n\t\t\t\t<\/div>\n\t\t\t\t<\/div>\n\t\t","protected":false},"excerpt":{"rendered":"<p>Informations Adresse: 36 Place de l\u2019\u00e9glise, 69870 Saint-Bonnet-le-Troncy T\u00e9l\u00e9phone: 07 63 69 77 72 Courriel: latabledumusee.cristina@gmail.com Horaires Lundi\u00a0 &amp; Mardi: Ferm\u00e9 Mercredi: 8:00 \u00e0 17:00 Jeudi: 8:00 \u00e0 17:00 Vendredi: 8:00 \u00e0 17:00 Samedi: 8:00 \u00e0 23:00\u00a0 Dimanche: 8:00 \u00e0 17:00 Ouvert le soir sur r\u00e9servation pour les groupes \u00e0 partir de 15 personnes<\/p>\n","protected":false},"author":2,"featured_media":762,"parent":0,"menu_order":6,"comment_status":"closed","ping_status":"closed","template":"","meta":{"footnotes":""},"class_list":["post-876","page","type-page","status-publish","has-post-thumbnail","hentry"],"yoast_head":"<!-- This site is optimized with the Yoast SEO plugin v27.4 - https:\/\/yoast.com\/product\/yoast-seo-wordpress\/ -->\n<title>Contact - La Table du Mus\u00e9e<\/title>\n<meta name=\"description\" content=\"C\u2019est au c\u0153ur des Monts du Beaujolais, dans le village de Saint-Bonnet-le-Troncy, que la Cheffe Val\u00e9rie Cristina vous accueille dans son restaurant La Table du Mus\u00e9e.\" \/>\n<meta name=\"robots\" content=\"index, follow, max-snippet:-1, max-image-preview:large, max-video-preview:-1\" \/>\n<link rel=\"canonical\" href=\"https:\/\/latabledumusee.com\/index.php\/contact\/\" \/>\n<meta property=\"og:locale\" content=\"fr_FR\" \/>\n<meta property=\"og:type\" content=\"article\" \/>\n<meta property=\"og:title\" content=\"Contact - La Table du Mus\u00e9e\" \/>\n<meta property=\"og:description\" content=\"C\u2019est au c\u0153ur des Monts du Beaujolais, dans le village de Saint-Bonnet-le-Troncy, que la Cheffe Val\u00e9rie Cristina vous accueille dans son restaurant La Table du Mus\u00e9e.\" \/>\n<meta property=\"og:url\" content=\"https:\/\/latabledumusee.com\/index.php\/contact\/\" \/>\n<meta property=\"og:site_name\" content=\"La Table du Mus\u00e9e\" \/>\n<meta property=\"article:publisher\" content=\"https:\/\/www.facebook.com\/valerie.cristinachef\/\" \/>\n<meta property=\"article:modified_time\" content=\"2026-01-11T09:52:42+00:00\" \/>\n<meta name=\"twitter:card\" content=\"summary_large_image\" \/>\n<meta name=\"twitter:label1\" content=\"Dur\u00e9e de lecture estim\u00e9e\" \/>\n\t<meta name=\"twitter:data1\" content=\"1 minute\" \/>\n<script type=\"application\/ld+json\" class=\"yoast-schema-graph\">{\"@context\":\"https:\\\/\\\/schema.org\",\"@graph\":[{\"@type\":\"WebPage\",\"@id\":\"https:\\\/\\\/latabledumusee.com\\\/index.php\\\/contact\\\/\",\"url\":\"https:\\\/\\\/latabledumusee.com\\\/index.php\\\/contact\\\/\",\"name\":\"Contact - La Table du Mus\u00e9e\",\"isPartOf\":{\"@id\":\"https:\\\/\\\/latabledumusee.com\\\/#website\"},\"primaryImageOfPage\":{\"@id\":\"https:\\\/\\\/latabledumusee.com\\\/index.php\\\/contact\\\/#primaryimage\"},\"image\":{\"@id\":\"https:\\\/\\\/latabledumusee.com\\\/index.php\\\/contact\\\/#primaryimage\"},\"thumbnailUrl\":\"\",\"datePublished\":\"2021-05-04T11:33:40+00:00\",\"dateModified\":\"2026-01-11T09:52:42+00:00\",\"description\":\"C\u2019est au c\u0153ur des Monts du Beaujolais, dans le village de Saint-Bonnet-le-Troncy, que la Cheffe Val\u00e9rie Cristina vous accueille dans son restaurant La Table du Mus\u00e9e.\",\"breadcrumb\":{\"@id\":\"https:\\\/\\\/latabledumusee.com\\\/index.php\\\/contact\\\/#breadcrumb\"},\"inLanguage\":\"fr-FR\",\"potentialAction\":[{\"@type\":\"ReadAction\",\"target\":[\"https:\\\/\\\/latabledumusee.com\\\/index.php\\\/contact\\\/\"]}]},{\"@type\":\"ImageObject\",\"inLanguage\":\"fr-FR\",\"@id\":\"https:\\\/\\\/latabledumusee.com\\\/index.php\\\/contact\\\/#primaryimage\",\"url\":\"\",\"contentUrl\":\"\"},{\"@type\":\"BreadcrumbList\",\"@id\":\"https:\\\/\\\/latabledumusee.com\\\/index.php\\\/contact\\\/#breadcrumb\",\"itemListElement\":[{\"@type\":\"ListItem\",\"position\":1,\"name\":\"Accueil\",\"item\":\"https:\\\/\\\/latabledumusee.com\\\/\"},{\"@type\":\"ListItem\",\"position\":2,\"name\":\"Contact\"}]},{\"@type\":\"WebSite\",\"@id\":\"https:\\\/\\\/latabledumusee.com\\\/#website\",\"url\":\"https:\\\/\\\/latabledumusee.com\\\/\",\"name\":\"La Table du Mus\u00e9e\",\"description\":\"Un Restaurant \u00e0 St Bonnet le Troncy\",\"publisher\":{\"@id\":\"https:\\\/\\\/latabledumusee.com\\\/#organization\"},\"potentialAction\":[{\"@type\":\"SearchAction\",\"target\":{\"@type\":\"EntryPoint\",\"urlTemplate\":\"https:\\\/\\\/latabledumusee.com\\\/?s={search_term_string}\"},\"query-input\":{\"@type\":\"PropertyValueSpecification\",\"valueRequired\":true,\"valueName\":\"search_term_string\"}}],\"inLanguage\":\"fr-FR\"},{\"@type\":\"Organization\",\"@id\":\"https:\\\/\\\/latabledumusee.com\\\/#organization\",\"name\":\"Cristina Val\u00e9rie (La Table du Mus\u00e9e)\",\"url\":\"https:\\\/\\\/latabledumusee.com\\\/\",\"logo\":{\"@type\":\"ImageObject\",\"inLanguage\":\"fr-FR\",\"@id\":\"https:\\\/\\\/latabledumusee.com\\\/#\\\/schema\\\/logo\\\/image\\\/\",\"url\":\"https:\\\/\\\/latabledumusee.com\\\/wp-content\\\/uploads\\\/2021\\\/05\\\/LogoCarre-TableDu-Musee-Sombre.webp\",\"contentUrl\":\"https:\\\/\\\/latabledumusee.com\\\/wp-content\\\/uploads\\\/2021\\\/05\\\/LogoCarre-TableDu-Musee-Sombre.webp\",\"width\":1000,\"height\":1000,\"caption\":\"Cristina Val\u00e9rie (La Table du Mus\u00e9e)\"},\"image\":{\"@id\":\"https:\\\/\\\/latabledumusee.com\\\/#\\\/schema\\\/logo\\\/image\\\/\"},\"sameAs\":[\"https:\\\/\\\/www.facebook.com\\\/valerie.cristinachef\\\/\"]}]}<\/script>\n<!-- \/ Yoast SEO plugin. -->","yoast_head_json":{"title":"Contact - La Table du Mus\u00e9e","description":"C\u2019est au c\u0153ur des Monts du Beaujolais, dans le village de Saint-Bonnet-le-Troncy, que la Cheffe Val\u00e9rie Cristina vous accueille dans son restaurant La Table du Mus\u00e9e.","robots":{"index":"index","follow":"follow","max-snippet":"max-snippet:-1","max-image-preview":"max-image-preview:large","max-video-preview":"max-video-preview:-1"},"canonical":"https:\/\/latabledumusee.com\/index.php\/contact\/","og_locale":"fr_FR","og_type":"article","og_title":"Contact - La Table du Mus\u00e9e","og_description":"C\u2019est au c\u0153ur des Monts du Beaujolais, dans le village de Saint-Bonnet-le-Troncy, que la Cheffe Val\u00e9rie Cristina vous accueille dans son restaurant La Table du Mus\u00e9e.","og_url":"https:\/\/latabledumusee.com\/index.php\/contact\/","og_site_name":"La Table du Mus\u00e9e","article_publisher":"https:\/\/www.facebook.com\/valerie.cristinachef\/","article_modified_time":"2026-01-11T09:52:42+00:00","twitter_card":"summary_large_image","twitter_misc":{"Dur\u00e9e de lecture estim\u00e9e":"1 minute"},"schema":{"@context":"https:\/\/schema.org","@graph":[{"@type":"WebPage","@id":"https:\/\/latabledumusee.com\/index.php\/contact\/","url":"https:\/\/latabledumusee.com\/index.php\/contact\/","name":"Contact - La Table du Mus\u00e9e","isPartOf":{"@id":"https:\/\/latabledumusee.com\/#website"},"primaryImageOfPage":{"@id":"https:\/\/latabledumusee.com\/index.php\/contact\/#primaryimage"},"image":{"@id":"https:\/\/latabledumusee.com\/index.php\/contact\/#primaryimage"},"thumbnailUrl":"","datePublished":"2021-05-04T11:33:40+00:00","dateModified":"2026-01-11T09:52:42+00:00","description":"C\u2019est au c\u0153ur des Monts du Beaujolais, dans le village de Saint-Bonnet-le-Troncy, que la Cheffe Val\u00e9rie Cristina vous accueille dans son restaurant La Table du Mus\u00e9e.","breadcrumb":{"@id":"https:\/\/latabledumusee.com\/index.php\/contact\/#breadcrumb"},"inLanguage":"fr-FR","potentialAction":[{"@type":"ReadAction","target":["https:\/\/latabledumusee.com\/index.php\/contact\/"]}]},{"@type":"ImageObject","inLanguage":"fr-FR","@id":"https:\/\/latabledumusee.com\/index.php\/contact\/#primaryimage","url":"","contentUrl":""},{"@type":"BreadcrumbList","@id":"https:\/\/latabledumusee.com\/index.php\/contact\/#breadcrumb","itemListElement":[{"@type":"ListItem","position":1,"name":"Accueil","item":"https:\/\/latabledumusee.com\/"},{"@type":"ListItem","position":2,"name":"Contact"}]},{"@type":"WebSite","@id":"https:\/\/latabledumusee.com\/#website","url":"https:\/\/latabledumusee.com\/","name":"La Table du Mus\u00e9e","description":"Un Restaurant \u00e0 St Bonnet le Troncy","publisher":{"@id":"https:\/\/latabledumusee.com\/#organization"},"potentialAction":[{"@type":"SearchAction","target":{"@type":"EntryPoint","urlTemplate":"https:\/\/latabledumusee.com\/?s={search_term_string}"},"query-input":{"@type":"PropertyValueSpecification","valueRequired":true,"valueName":"search_term_string"}}],"inLanguage":"fr-FR"},{"@type":"Organization","@id":"https:\/\/latabledumusee.com\/#organization","name":"Cristina Val\u00e9rie (La Table du Mus\u00e9e)","url":"https:\/\/latabledumusee.com\/","logo":{"@type":"ImageObject","inLanguage":"fr-FR","@id":"https:\/\/latabledumusee.com\/#\/schema\/logo\/image\/","url":"https:\/\/latabledumusee.com\/wp-content\/uploads\/2021\/05\/LogoCarre-TableDu-Musee-Sombre.webp","contentUrl":"https:\/\/latabledumusee.com\/wp-content\/uploads\/2021\/05\/LogoCarre-TableDu-Musee-Sombre.webp","width":1000,"height":1000,"caption":"Cristina Val\u00e9rie (La Table du Mus\u00e9e)"},"image":{"@id":"https:\/\/latabledumusee.com\/#\/schema\/logo\/image\/"},"sameAs":["https:\/\/www.facebook.com\/valerie.cristinachef\/"]}]}},"_links":{"self":[{"href":"https:\/\/latabledumusee.com\/index.php\/wp-json\/wp\/v2\/pages\/876","targetHints":{"allow":["GET"]}}],"collection":[{"href":"https:\/\/latabledumusee.com\/index.php\/wp-json\/wp\/v2\/pages"}],"about":[{"href":"https:\/\/latabledumusee.com\/index.php\/wp-json\/wp\/v2\/types\/page"}],"author":[{"embeddable":true,"href":"https:\/\/latabledumusee.com\/index.php\/wp-json\/wp\/v2\/users\/2"}],"replies":[{"embeddable":true,"href":"https:\/\/latabledumusee.com\/index.php\/wp-json\/wp\/v2\/comments?post=876"}],"version-history":[{"count":30,"href":"https:\/\/latabledumusee.com\/index.php\/wp-json\/wp\/v2\/pages\/876\/revisions"}],"predecessor-version":[{"id":8061,"href":"https:\/\/latabledumusee.com\/index.php\/wp-json\/wp\/v2\/pages\/876\/revisions\/8061"}],"wp:featuredmedia":[{"embeddable":true,"href":"https:\/\/latabledumusee.com\/index.php\/wp-json\/"}],"wp:attachment":[{"href":"https:\/\/latabledumusee.com\/index.php\/wp-json\/wp\/v2\/media?parent=876"}],"curies":[{"name":"wp","href":"https:\/\/api.w.org\/{rel}","templated":true}]}}